{"id":2027,"date":"2025-04-01T13:46:18","date_gmt":"2025-04-01T11:46:18","guid":{"rendered":"http:\/\/resterchezsoi.be\/?page_id=2027"},"modified":"2025-04-15T18:45:18","modified_gmt":"2025-04-15T16:45:18","slug":"onze-services","status":"publish","type":"page","link":"http:\/\/resterchezsoi.be\/nl\/nos-services\/","title":{"rendered":"Onze diensten"},"content":{"rendered":"\t\t<div data-elementor-type=\"wp-page\" data-elementor-id=\"2027\" class=\"elementor elementor-2027\" data-elementor-post-type=\"page\">\n\t\t\t\t<div class=\"elementor-element elementor-element-fb9ce05 e-con-full e-flex e-con e-parent\" data-id=\"fb9ce05\" data-element_type=\"container\" data-e-type=\"container\" data-settings=\"{&quot;background_background&quot;:&quot;gradient&quot;,&quot;shape_divider_bottom&quot;:&quot;opacity-tilt&quot;}\">\n\t\t\t\t<div class=\"elementor-shape elementor-shape-bottom\" aria-hidden=\"true\" data-negative=\"false\">\n\t\t\t\n<svg xmlns=\"http:\/\/www.w3.org\/2000\/svg\" viewBox=\"0 0 2600 131.1\" preserveAspectRatio=\"none\">\n\t<path class=\"elementor-shape-fill\" d=\"M0 0L2600 0 2600 69.1 0 0z\"\/>\n\t<path class=\"elementor-shape-fill\" style=\"opacity:0.5\" d=\"M0 0L2600 0 2600 69.1 0 69.1z\"\/>\n\t<path class=\"elementor-shape-fill\" style=\"opacity:0.25\" d=\"M2600 0L0 0 0 130.1 2600 69.1z\"\/>\n<\/svg>\n\t\t<\/div>\n\t\t<div class=\"elementor-element elementor-element-ed28bd8 e-con-full e-flex e-con e-child\" data-id=\"ed28bd8\" data-element_type=\"container\" data-e-type=\"container\" data-settings=\"{&quot;background_background&quot;:&quot;classic&quot;}\">\n\t\t<div class=\"elementor-element elementor-element-fccc35d e-con-full e-flex e-con e-child\" data-id=\"fccc35d\" data-element_type=\"container\" data-e-type=\"container\" data-settings=\"{&quot;animation&quot;:&quot;none&quot;}\">\n\t\t\t\t<div class=\"elementor-element elementor-element-10923a6 elementor-widget__width-initial elementor-hidden-mobile elementor-invisible elementor-widget elementor-widget-heading\" data-id=\"10923a6\" data-element_type=\"widget\" data-e-type=\"widget\" data-settings=\"{&quot;_animation&quot;:&quot;fadeInUp&quot;}\" data-widget_type=\"heading.default\">\n\t\t\t\t<div class=\"elementor-widget-container\">\n\t\t\t\t\t<h1 class=\"elementor-heading-title elementor-size-default\">Nos services\n<\/h1>\t\t\t\t<\/div>\n\t\t\t\t<\/div>\n\t\t\t\t<div class=\"elementor-element elementor-element-33a405f elementor-widget__width-initial elementor-invisible elementor-widget elementor-widget-text-editor\" data-id=\"33a405f\" data-element_type=\"widget\" data-e-type=\"widget\" data-settings=\"{&quot;_animation&quot;:&quot;fadeInUp&quot;}\" data-widget_type=\"text-editor.default\">\n\t\t\t\t<div class=\"elementor-widget-container\">\n\t\t\t\t\t\t\t\t\t<div id=\"comp-lgo33v9a\" class=\"KaEeLN comp-lgo33v9a\"><p class=\"\" data-start=\"79\" data-end=\"354\"><strong>Chez <em data-start=\"84\" data-end=\"101\">Rester Chez Soi<\/em>, nous nous engageons \u00e0 vous offrir des solutions adapt\u00e9es \u00e0 vos besoins et \u00e0 vos envies.<\/strong><\/p><p class=\"\" data-start=\"356\" data-end=\"450\">Explorez notre gamme de services et trouvez ceux qui correspondent le mieux \u00e0 vos attentes&nbsp;!<\/p><\/div>\t\t\t\t\t\t\t\t<\/div>\n\t\t\t\t<\/div>\n\t\t\t\t<\/div>\n\t\t\t\t<\/div>\n\t\t\t\t<\/div>\n\t\t<div class=\"elementor-element elementor-element-38aff64 e-con-full e-flex e-con e-parent\" data-id=\"38aff64\" data-element_type=\"container\" data-e-type=\"container\">\n\t\t<div class=\"elementor-element elementor-element-1f53d1b e-flex e-con-boxed e-con e-child\" data-id=\"1f53d1b\" data-element_type=\"container\" data-e-type=\"container\">\n\t\t\t\t\t<div class=\"e-con-inner\">\n\t\t\t\t<div class=\"elementor-element elementor-element-055c9a5 elementor-widget elementor-widget-ucaddon_post_grid\" data-id=\"055c9a5\" data-element_type=\"widget\" data-e-type=\"widget\" data-widget_type=\"ucaddon_post_grid.default\">\n\t\t\t\t<div class=\"elementor-widget-container\">\n\t\t\t\t\t\n<!-- start Post Grid -->\n\t\t<link id='font-awesome-css' href='http:\/\/resterchezsoi.be\/wp-content\/plugins\/unlimited-elements-for-elementor-premium\/assets_libraries\/font-awesome6\/fontawesome-all.min.css' type='text\/css' rel='stylesheet' >\n\t\t<link id='font-awesome-4-shim-css' href='http:\/\/resterchezsoi.be\/wp-content\/plugins\/unlimited-elements-for-elementor-premium\/assets_libraries\/font-awesome6\/fontawesome-v4-shims.min.css' type='text\/css' rel='stylesheet' >\n\n<style>\/* widget: Post Grid *\/\n\n\n\n#uc_post_grid_elementor_055c9a5{\n  min-height: 1px;\n}\n\n#uc_post_grid_elementor_055c9a5.uc_post_grid_style_one .uc_post_grid_style_one_wrap {\n   display:grid;\n}\n\n\n#uc_post_grid_elementor_055c9a5 .uc_post_grid_style_one_item{\n  position:relative;\n}\n\n#uc_post_grid_elementor_055c9a5 .uc_post_image{\n  transition:0.3s;\n  position:relative;\n  overflow:hidden;\n}\n\n#uc_post_grid_elementor_055c9a5 .uc_post_image img{\n  width:100%;\n  display:block;\n  transition:0.3s;\n}\n\n\t\n\n#uc_post_grid_elementor_055c9a5 .uc_post_image_overlay{\n  position:absolute;\n  top:0px;\n  left:0px;\n  height:100%;\n  width:100%;\n  transition:0.3s;\n}\n\n#uc_post_grid_elementor_055c9a5 .uc_more_btn-custom-field{\n  display:inline-block;\n  text-align:center;\n  text-decoration:none;\n  transition:0.3s;\n}\n\n#uc_post_grid_elementor_055c9a5 .uc_more_btn{\n  display:block;\n  text-align:center;\n  text-decoration:none;\n  transition:0.3s;\n}\n\n.ue-grid-item-category a{\n  display:inline-block;\n  font-size:10px;\n  position: relative;\n  z-index: 1;\n}\n\n#uc_post_grid_elementor_055c9a5 .ue-grid-item-posttype{\n  display:inline-block;\n  position: relative;\n  z-index: 1;\n}\n\n\n.uc_post_title{\n  font-size:21px;\n}\n\n\n\n  #uc_post_grid_elementor_055c9a5:not(.ue-list-view) .ue_post_grid_item{\n    display:flex;\n    flex-direction:column;\n  }\n\n  #uc_post_grid_elementor_055c9a5.uc_post_grid_style_one:not(.ue-list-view) .uc_content{\n   flex-grow:1;\n  }\n\n  #uc_post_grid_elementor_055c9a5.uc_post_grid_style_one .uc_content > div{\n    height:100%;\n    display:flex;\n    flex-direction:column;\n    justify-content: space-between;  }\n\n    #uc_post_grid_elementor_055c9a5 .uc_post_button   {\n     margin-top:auto;\n   }\n  \n\n\n\n\n\n\n\n\n\n\n\n\n\/*  for grid\/list layout switcher*\/\n\t#uc_post_grid_elementor_055c9a5.ue-list-view .uc_post_grid_style_one_item {\n     display:flex;  \n     flex-direction:row;\n    }\n    #uc_post_grid_elementor_055c9a5.ue-list-view .uc_post_grid_style_one_item > div{\n     width:50%;\n    }\n   \n    #uc_post_grid_elementor_055c9a5.ue-list-view .uc_content    {\n      display:flex;\n      flex-direction:column;\n      justify-content:center;\n    }\n \n\/*  for grid\/list layout switcher*\/\n\n#uc_post_grid_elementor_055c9a5 .ue-meta-data{  \n  display:flex !important;\n  flex-wrap: wrap;\n  line-height:1em;\n}\n\n#uc_post_grid_elementor_055c9a5 .ue-grid-item-meta-data{\n  display:inline-flex;\n  align-items:center;\n}\n\n#uc_post_grid_elementor_055c9a5 .ue-grid-item-meta-data a{\n  color:inherit;\n}\n\n.ue-grid-item-meta-data{\n  font-size:12px;\n}\n\n#uc_post_grid_elementor_055c9a5 .ue-grid-item-meta-data-icon{\n  line-height:1em;\n}\n\n#uc_post_grid_elementor_055c9a5 .ue-grid-item-meta-data-icon svg{\n  width:1em;\n  height:1em;\n}\n\n#uc_post_grid_elementor_055c9a5 .ue-debug-meta{\n  padding:10px;\n  border:1px solid red;\n  position:relative;\n  line-height:1.5em;\n  font-size:11px;\n  width:100%;\n}\n\n#uc_post_grid_elementor_055c9a5 .uc_btn_inner{\n  display:inline-flex;\n  align-items:center;\n  pointer-events:none;\n}\n\n#uc_post_grid_elementor_055c9a5 .uc_btn_inner svg{\n  width:1em;\n  height:1em;\n}\n#uc_post_grid_elementor_055c9a5 .ue_p_title{\n  pointer-events:none;\n}\n\n\n#uc_post_grid_elementor_055c9a5 .uc_content_inner{\n  width: 100%;\n}\n\n\n#uc_post_grid_elementor_055c9a5 .view-switcher-button{\n  display: flex;\n  align-items: center;\n}\n\n#uc_post_grid_elementor_055c9a5 .view-switcher-icon{\n  display: flex;\n  align-items: center;\n  line-height: 1;\n  cursor: pointer;\n  transition: all .3s ease;\n}\n\n#uc_post_grid_elementor_055c9a5 .view-switcher-icon svg{\n  height:1em;\n  width:1em;\n}\n\n#uc_post_grid_elementor_055c9a5 .view-switcher-icon.ue-hidden{\n  display: none;\n}\n\n\n#uc_post_grid_elementor_055c9a5_item1 [href=\"javascript:void(0)\"]{\n  cursor: unset;\n}\n\n\n#uc_post_grid_elementor_055c9a5_item2 [href=\"javascript:void(0)\"]{\n  cursor: unset;\n}\n\n\n#uc_post_grid_elementor_055c9a5_item3 [href=\"javascript:void(0)\"]{\n  cursor: unset;\n}\n\n\n#uc_post_grid_elementor_055c9a5_item4 [href=\"javascript:void(0)\"]{\n  cursor: unset;\n}\n\n\n#uc_post_grid_elementor_055c9a5_item5 [href=\"javascript:void(0)\"]{\n  cursor: unset;\n}\n\n\n#uc_post_grid_elementor_055c9a5_item6 [href=\"javascript:void(0)\"]{\n  cursor: unset;\n}\n\n\n#uc_post_grid_elementor_055c9a5_item7 [href=\"javascript:void(0)\"]{\n  cursor: unset;\n}\n\n\n<\/style>\n\n<div class=\"uc_post_grid_style_one \" id=\"uc_post_grid_elementor_055c9a5\"  >\n  \t\n  <div class=\"uc_post_grid_style_one_wrap ue_post_grid uc-items-wrapper ue-woo-grid\">\n\t\t\t\n\n\n\n<div id=\"uc_post_grid_elementor_055c9a5_item1\" class=\"uc_post_grid_style_one_item ue_post_grid_item ue-item \">\n  \n      <a class=\"uc_post_grid_style_one_image \" href='http:\/\/resterchezsoi.be\/nl\/nos-services\/sortie-theatre-cinema\/' target=\"_self\">\n     <div class=\"uc_post_image\">\n       <img decoding=\"async\" src=\"https:\/\/resterchezsoi.be\/wp-content\/uploads\/ac_assets\/uc_post_grid_style_one\/no-image.png\" >\n       <div class=\"uc_post_image_overlay\"><\/div>\n     <\/div>\n    <\/a>\n   \n  <div class=\"uc_content\">\n    <div class=\"uc_content_inner\">\n      <div class=\"uc_content-info-wrapper\" >\n        \n\n               \n       \n              \n\n            \t\t\t<div class=\"uc_post_title\"><a class=\"\" href='http:\/\/resterchezsoi.be\/nl\/nos-services\/sortie-theatre-cinema\/' target=\"_self\"><div class=\"ue_p_title\">Sortie Th\u00e9atre - Cin\u00e9ma ...<\/div><\/a><\/div>\n      \t\n                      \n       \n        <div class=\"ue-meta-data\">\n            \n                \t    \n                \n        \n\t\n                \n                \n                \n                \n    \t\t\t\n      \n            \n  <\/div>\t\n      \t<div class=\"uc_post_text\">Loisirs &#8211; Sortie Th\u00e9\u00e2tre &#8211; Cin\u00e9ma &#8230;\nVous avez envie de sortir de chez vous et de vous...<\/div>\n     \n                 \n                            \n                                  \n     <\/div>                      \n           <div class=\"uc_post_button\">\n        \n        <a class=\"uc_more_btn \" target=\"_blank\" href='http:\/\/resterchezsoi.be\/nl\/nos-services\/sortie-theatre-cinema\/'>\n          <div class=\"uc_btn_inner\">\n            <div class=\"uc_btn_txt\">En savoir plus<\/div>\n                      <\/div>\n      \t<\/a>\n        \n                \n      <\/div>                           \n \t<\/div>  <\/div>      \n        \n<\/div>\n\n\n\n\n<div id=\"uc_post_grid_elementor_055c9a5_item2\" class=\"uc_post_grid_style_one_item ue_post_grid_item ue-item \">\n  \n      <a class=\"uc_post_grid_style_one_image \" href='http:\/\/resterchezsoi.be\/nl\/nos-services\/nouvelles-technologies\/' target=\"_self\">\n     <div class=\"uc_post_image\">\n       <img decoding=\"async\" src=\"https:\/\/resterchezsoi.be\/wp-content\/uploads\/ac_assets\/uc_post_grid_style_one\/no-image.png\" >\n       <div class=\"uc_post_image_overlay\"><\/div>\n     <\/div>\n    <\/a>\n   \n  <div class=\"uc_content\">\n    <div class=\"uc_content_inner\">\n      <div class=\"uc_content-info-wrapper\" >\n        \n\n               \n       \n              \n\n            \t\t\t<div class=\"uc_post_title\"><a class=\"\" href='http:\/\/resterchezsoi.be\/nl\/nos-services\/nouvelles-technologies\/' target=\"_self\"><div class=\"ue_p_title\">Nouvelles technologies<\/div><\/a><\/div>\n      \t\n                      \n       \n        <div class=\"ue-meta-data\">\n            \n                \t    \n                \n        \n\t\n                \n                \n                \n                \n    \t\t\t\n      \n            \n  <\/div>\t\n      \t<div class=\"uc_post_text\">Les Nouvelles technologies\n\t\tIl n&rsquo;est pas toujours facile de comprendre le fonctionnement de certains...<\/div>\n     \n                 \n                            \n                                  \n     <\/div>                      \n           <div class=\"uc_post_button\">\n        \n        <a class=\"uc_more_btn \" target=\"_blank\" href='http:\/\/resterchezsoi.be\/nl\/nos-services\/nouvelles-technologies\/'>\n          <div class=\"uc_btn_inner\">\n            <div class=\"uc_btn_txt\">En savoir plus<\/div>\n                      <\/div>\n      \t<\/a>\n        \n                \n      <\/div>                           \n \t<\/div>  <\/div>      \n        \n<\/div>\n\n\n\n\n<div id=\"uc_post_grid_elementor_055c9a5_item3\" class=\"uc_post_grid_style_one_item ue_post_grid_item ue-item \">\n  \n      <a class=\"uc_post_grid_style_one_image \" href='http:\/\/resterchezsoi.be\/nl\/nos-services\/materiel-medical\/' target=\"_self\">\n     <div class=\"uc_post_image\">\n       <img decoding=\"async\" src=\"https:\/\/resterchezsoi.be\/wp-content\/uploads\/ac_assets\/uc_post_grid_style_one\/no-image.png\" >\n       <div class=\"uc_post_image_overlay\"><\/div>\n     <\/div>\n    <\/a>\n   \n  <div class=\"uc_content\">\n    <div class=\"uc_content_inner\">\n      <div class=\"uc_content-info-wrapper\" >\n        \n\n               \n       \n              \n\n            \t\t\t<div class=\"uc_post_title\"><a class=\"\" href='http:\/\/resterchezsoi.be\/nl\/nos-services\/materiel-medical\/' target=\"_self\"><div class=\"ue_p_title\">Mat\u00e9riel m\u00e9dical<\/div><\/a><\/div>\n      \t\n                      \n       \n        <div class=\"ue-meta-data\">\n            \n                \t    \n                \n        \n\t\n                \n                \n                \n                \n    \t\t\t\n      \n            \n  <\/div>\t\n      \t<div class=\"uc_post_text\">Location ou achat de mat\u00e9riel m\u00e9dical\n\t\tBesoin d\u2019\u00e9quipement m\u00e9dical pour assurer votre confort ou celui...<\/div>\n     \n                 \n                            \n                                  \n     <\/div>                      \n           <div class=\"uc_post_button\">\n        \n        <a class=\"uc_more_btn \" target=\"_blank\" href='http:\/\/resterchezsoi.be\/nl\/nos-services\/materiel-medical\/'>\n          <div class=\"uc_btn_inner\">\n            <div class=\"uc_btn_txt\">En savoir plus<\/div>\n                      <\/div>\n      \t<\/a>\n        \n                \n      <\/div>                           \n \t<\/div>  <\/div>      \n        \n<\/div>\n\n\n\n\n<div id=\"uc_post_grid_elementor_055c9a5_item4\" class=\"uc_post_grid_style_one_item ue_post_grid_item ue-item \">\n  \n      <a class=\"uc_post_grid_style_one_image \" href='http:\/\/resterchezsoi.be\/nl\/nos-services\/garde-malade-compagnie\/' target=\"_self\">\n     <div class=\"uc_post_image\">\n       <img decoding=\"async\" src=\"https:\/\/resterchezsoi.be\/wp-content\/uploads\/ac_assets\/uc_post_grid_style_one\/no-image.png\" >\n       <div class=\"uc_post_image_overlay\"><\/div>\n     <\/div>\n    <\/a>\n   \n  <div class=\"uc_content\">\n    <div class=\"uc_content_inner\">\n      <div class=\"uc_content-info-wrapper\" >\n        \n\n               \n       \n              \n\n            \t\t\t<div class=\"uc_post_title\"><a class=\"\" href='http:\/\/resterchezsoi.be\/nl\/nos-services\/garde-malade-compagnie\/' target=\"_self\"><div class=\"ue_p_title\">Garde malade - compagnie<\/div><\/a><\/div>\n      \t\n                      \n       \n        <div class=\"ue-meta-data\">\n            \n                \t    \n                \n        \n\t\n                \n                \n                \n                \n    \t\t\t\n      \n            \n  <\/div>\t\n      \t<div class=\"uc_post_text\">Garde malade &#8211; Compagnie\n\t\t\u00a0\nNous mettons \u00e0 votre disposition des personnes qualifi\u00e9es pouvant...<\/div>\n     \n                 \n                            \n                                  \n     <\/div>                      \n           <div class=\"uc_post_button\">\n        \n        <a class=\"uc_more_btn \" target=\"_blank\" href='http:\/\/resterchezsoi.be\/nl\/nos-services\/garde-malade-compagnie\/'>\n          <div class=\"uc_btn_inner\">\n            <div class=\"uc_btn_txt\">En savoir plus<\/div>\n                      <\/div>\n      \t<\/a>\n        \n                \n      <\/div>                           \n \t<\/div>  <\/div>      \n        \n<\/div>\n\n\n\n\n<div id=\"uc_post_grid_elementor_055c9a5_item5\" class=\"uc_post_grid_style_one_item ue_post_grid_item ue-item \">\n  \n      <a class=\"uc_post_grid_style_one_image \" href='http:\/\/resterchezsoi.be\/nl\/nos-services\/detente\/' target=\"_self\">\n     <div class=\"uc_post_image\">\n       <img decoding=\"async\" src=\"https:\/\/resterchezsoi.be\/wp-content\/uploads\/ac_assets\/uc_post_grid_style_one\/no-image.png\" >\n       <div class=\"uc_post_image_overlay\"><\/div>\n     <\/div>\n    <\/a>\n   \n  <div class=\"uc_content\">\n    <div class=\"uc_content_inner\">\n      <div class=\"uc_content-info-wrapper\" >\n        \n\n               \n       \n              \n\n            \t\t\t<div class=\"uc_post_title\"><a class=\"\" href='http:\/\/resterchezsoi.be\/nl\/nos-services\/detente\/' target=\"_self\"><div class=\"ue_p_title\">D\u00e9tente<\/div><\/a><\/div>\n      \t\n                      \n       \n        <div class=\"ue-meta-data\">\n            \n                \t    \n                \n        \n\t\n                \n                \n                \n                \n    \t\t\t\n      \n            \n  <\/div>\t\n      \t<div class=\"uc_post_text\">D\u00e9tente\nVous souhaitez prendre soin de vous tout en restant chez vous&nbsp;?\nRester Chez Soi vous propose...<\/div>\n     \n                 \n                            \n                                  \n     <\/div>                      \n           <div class=\"uc_post_button\">\n        \n        <a class=\"uc_more_btn \" target=\"_blank\" href='http:\/\/resterchezsoi.be\/nl\/nos-services\/detente\/'>\n          <div class=\"uc_btn_inner\">\n            <div class=\"uc_btn_txt\">En savoir plus<\/div>\n                      <\/div>\n      \t<\/a>\n        \n                \n      <\/div>                           \n \t<\/div>  <\/div>      \n        \n<\/div>\n\n\n\n\n<div id=\"uc_post_grid_elementor_055c9a5_item6\" class=\"uc_post_grid_style_one_item ue_post_grid_item ue-item \">\n  \n      <a class=\"uc_post_grid_style_one_image \" href='http:\/\/resterchezsoi.be\/nl\/nos-services\/accompagnement-medical\/' target=\"_self\">\n     <div class=\"uc_post_image\">\n       <img decoding=\"async\" src=\"https:\/\/resterchezsoi.be\/wp-content\/uploads\/ac_assets\/uc_post_grid_style_one\/no-image.png\" >\n       <div class=\"uc_post_image_overlay\"><\/div>\n     <\/div>\n    <\/a>\n   \n  <div class=\"uc_content\">\n    <div class=\"uc_content_inner\">\n      <div class=\"uc_content-info-wrapper\" >\n        \n\n               \n       \n              \n\n            \t\t\t<div class=\"uc_post_title\"><a class=\"\" href='http:\/\/resterchezsoi.be\/nl\/nos-services\/accompagnement-medical\/' target=\"_self\"><div class=\"ue_p_title\">Accompagnement m\u00e9dical<\/div><\/a><\/div>\n      \t\n                      \n       \n        <div class=\"ue-meta-data\">\n            \n                \t    \n                \n        \n\t\n                \n                \n                \n                \n    \t\t\t\n      \n            \n  <\/div>\t\n      \t<div class=\"uc_post_text\">Accompagnement m\u00e9dical\n\t\tNous mettons \u00e0 votre disposition des personnes qualifi\u00e9es pouvant apporter l&rsquo;aide...<\/div>\n     \n                 \n                            \n                                  \n     <\/div>                      \n           <div class=\"uc_post_button\">\n        \n        <a class=\"uc_more_btn \" target=\"_blank\" href='http:\/\/resterchezsoi.be\/nl\/nos-services\/accompagnement-medical\/'>\n          <div class=\"uc_btn_inner\">\n            <div class=\"uc_btn_txt\">En savoir plus<\/div>\n                      <\/div>\n      \t<\/a>\n        \n                \n      <\/div>                           \n \t<\/div>  <\/div>      \n        \n<\/div>\n\n\n\n\n<div id=\"uc_post_grid_elementor_055c9a5_item7\" class=\"uc_post_grid_style_one_item ue_post_grid_item ue-item \">\n  \n      <a class=\"uc_post_grid_style_one_image \" href='http:\/\/resterchezsoi.be\/nl\/nos-services\/accompagnement-exterieur\/' target=\"_self\">\n     <div class=\"uc_post_image\">\n       <img decoding=\"async\" src=\"https:\/\/resterchezsoi.be\/wp-content\/uploads\/ac_assets\/uc_post_grid_style_one\/no-image.png\" >\n       <div class=\"uc_post_image_overlay\"><\/div>\n     <\/div>\n    <\/a>\n   \n  <div class=\"uc_content\">\n    <div class=\"uc_content_inner\">\n      <div class=\"uc_content-info-wrapper\" >\n        \n\n               \n       \n              \n\n            \t\t\t<div class=\"uc_post_title\"><a class=\"\" href='http:\/\/resterchezsoi.be\/nl\/nos-services\/accompagnement-exterieur\/' target=\"_self\"><div class=\"ue_p_title\">Accompagnement ext\u00e9rieur<\/div><\/a><\/div>\n      \t\n                      \n       \n        <div class=\"ue-meta-data\">\n            \n                \t    \n                \n        \n\t\n                \n                \n                \n                \n    \t\t\t\n      \n            \n  <\/div>\t\n      \t<div class=\"uc_post_text\">Accompagnement ext\u00e9rieur\nNotre \u00e9quipe vous accompagne l\u00e0 o\u00f9 vous voulez vous rendre\nComment Rester chez...<\/div>\n     \n                 \n                            \n                                  \n     <\/div>                      \n           <div class=\"uc_post_button\">\n        \n        <a class=\"uc_more_btn \" target=\"_blank\" href='http:\/\/resterchezsoi.be\/nl\/nos-services\/accompagnement-exterieur\/'>\n          <div class=\"uc_btn_inner\">\n            <div class=\"uc_btn_txt\">En savoir plus<\/div>\n                      <\/div>\n      \t<\/a>\n        \n                \n      <\/div>                           \n \t<\/div>  <\/div>      \n        \n<\/div>\n\n\t\t<\/div>\n\t<\/div>\n\n\n\n  <div id=\"uc_post_grid_elementor_055c9a5_empty_message\" class=\"ue-no-posts-found\"  style=\"display:none\" >No posts found<\/div>\n\n\n<!-- end Post Grid -->\n\t\t\t\t<\/div>\n\t\t\t\t<\/div>\n\t\t\t\t\t<\/div>\n\t\t\t\t<\/div>\n\t\t\t\t<\/div>\n\t\t\t\t<\/div>","protected":false},"excerpt":{"rendered":"<p>Nos services Chez Rester Chez Soi, nous nous engageons \u00e0 vous offrir des solutions adapt\u00e9es \u00e0 vos besoins et \u00e0 vos envies. Explorez notre gamme de services et trouvez ceux qui correspondent le mieux \u00e0 vos attentes&nbsp;! Sortie Th\u00e9atre &#8211; Cin\u00e9ma &#8230; Loisirs &#8211; Sortie Th\u00e9\u00e2tre &#8211; Cin\u00e9ma &#8230; Vous avez envie de sortir de [&hellip;]<\/p>","protected":false},"author":1,"featured_media":0,"parent":0,"menu_order":1,"comment_status":"closed","ping_status":"closed","template":"elementor_header_footer","meta":{"_acf_changed":false,"footnotes":""},"class_list":["post-2027","page","type-page","status-publish","hentry"],"acf":[],"_links":{"self":[{"href":"http:\/\/resterchezsoi.be\/nl\/wp-json\/wp\/v2\/pages\/2027","targetHints":{"allow":["GET"]}}],"collection":[{"href":"http:\/\/resterchezsoi.be\/nl\/wp-json\/wp\/v2\/pages"}],"about":[{"href":"http:\/\/resterchezsoi.be\/nl\/wp-json\/wp\/v2\/types\/page"}],"author":[{"embeddable":true,"href":"http:\/\/resterchezsoi.be\/nl\/wp-json\/wp\/v2\/users\/1"}],"replies":[{"embeddable":true,"href":"http:\/\/resterchezsoi.be\/nl\/wp-json\/wp\/v2\/comments?post=2027"}],"version-history":[{"count":13,"href":"http:\/\/resterchezsoi.be\/nl\/wp-json\/wp\/v2\/pages\/2027\/revisions"}],"predecessor-version":[{"id":2307,"href":"http:\/\/resterchezsoi.be\/nl\/wp-json\/wp\/v2\/pages\/2027\/revisions\/2307"}],"wp:attachment":[{"href":"http:\/\/resterchezsoi.be\/nl\/wp-json\/wp\/v2\/media?parent=2027"}],"curies":[{"name":"wp","href":"https:\/\/api.w.org\/{rel}","templated":true}]}}