{"id":1925,"date":"2025-03-25T09:50:52","date_gmt":"2025-03-25T09:50:52","guid":{"rendered":"http:\/\/resterchezsoi.be\/politique-de-confidentialite\/"},"modified":"2025-04-17T20:35:35","modified_gmt":"2025-04-17T18:35:35","slug":"privacy-policy","status":"publish","type":"page","link":"https:\/\/resterchezsoi.be\/en\/politique-de-confidentialite\/","title":{"rendered":"Privacy policy"},"content":{"rendered":"<h3 data-start=\"217\" data-end=\"241\">1. Who are we?<\/h3>\n<p data-start=\"243\" data-end=\"324\">The resterchezsoi.be website is managed by the non-profit organisation Rester Chez Soi, registered under the number BCE 0700.886.366, with its head office in Brussels.<\/p>\n<h3 data-start=\"326\" data-end=\"366\">2. What data do we collect?<\/h3>\n<p data-start=\"368\" data-end=\"449\">We only collect data that you voluntarily provide to us via .<\/p>\n<ul data-start=\"451\" data-end=\"619\">\n<li data-start=\"451\" data-end=\"534\">\n<p data-start=\"453\" data-end=\"534\">Contact form (surname, first name, e-mail address, telephone number, message)<\/p>\n<\/li>\n<li data-start=\"536\" data-end=\"619\">\n<p data-start=\"538\" data-end=\"619\">Application form (surname, first name, contact details, CV, covering letter)<\/p>\n<\/li>\n<\/ul>\n<p data-start=\"621\" data-end=\"706\">No other data is collected automatically (no tracking cookies or behavioural analysis).<\/p>\n<h3 data-start=\"708\" data-end=\"752\">3. Why do we use your data?<\/h3>\n<p data-start=\"754\" data-end=\"839\">Your data will only be used for .<\/p>\n<ul data-start=\"841\" data-end=\"1017\">\n<li data-start=\"841\" data-end=\"928\">\n<p data-start=\"843\" data-end=\"928\">Respond to your request using the contact form<\/p>\n<\/li>\n<li data-start=\"930\" data-end=\"1017\">\n<p data-start=\"932\" data-end=\"1017\">Process your application if you are applying<a href=\"https:\/\/www.iubenda.com\/fr\/help\/105832-modele-politique-de-confidentialite?utm_source=chatgpt.com\" target=\"_blank\" rel=\"noopener\">iubenda<\/a><\/p>\n<\/li>\n<\/ul>\n<p data-start=\"1019\" data-end=\"1104\">We do not sell or share your information with third parties.<\/p>\n<h3 data-start=\"1106\" data-end=\"1159\">4. How long do we keep your data?<\/h3>\n<p data-start=\"1161\" data-end=\"1246\">Your data is stored .<\/p>\n<ul data-start=\"1248\" data-end=\"1424\">\n<li data-start=\"1248\" data-end=\"1335\">\n<p data-start=\"1250\" data-end=\"1335\">Up to 6 months after the last exchange if you contact us<\/p>\n<\/li>\n<li data-start=\"1337\" data-end=\"1424\">\n<p data-start=\"1339\" data-end=\"1424\">Up to 1 year after receipt if you apply<\/p>\n<\/li>\n<\/ul>\n<p data-start=\"1426\" data-end=\"1511\">They are then securely deleted.<\/p>\n<h3 data-start=\"1513\" data-end=\"1543\">5. What are your rights?<\/h3>\n<p data-start=\"1545\" data-end=\"1580\">In accordance with the RGPD, you can:<\/p>\n<ul data-start=\"1582\" data-end=\"1847\">\n<li data-start=\"1582\" data-end=\"1669\">\n<p data-start=\"1584\" data-end=\"1669\">Access your data<\/p>\n<\/li>\n<li data-start=\"1671\" data-end=\"1758\">\n<p data-start=\"1673\" data-end=\"1758\">Request correction or deletion<\/p>\n<\/li>\n<li data-start=\"1760\" data-end=\"1847\">\n<p data-start=\"1762\" data-end=\"1847\">Withdraw your consent at any time<\/p>\n<\/li>\n<\/ul>\n<p data-start=\"1849\" data-end=\"1934\">To exercise these rights, contact us at <a href=\"mailto:resterchezsoi.be@gmail.com\" data-start=\"42\" data-end=\"68\">resterchezsoi.be@gmail.com<\/a>.<\/p>\n<h3 data-start=\"1936\" data-end=\"1951\">6. Security<\/h3>\n<p data-start=\"1953\" data-end=\"2038\">Your data is stored securely and is only accessible to authorised members of our team.<\/p>","protected":false},"excerpt":{"rendered":"<p>1. Qui sommes-nous&nbsp;? Le site resterchezsoi.be est g\u00e9r\u00e9 par l\u2019asbl Rester Chez Soi, enregistr\u00e9e sous le num\u00e9ro BCE 0700.886.366, dont le si\u00e8ge est situ\u00e9 \u00e0 Bruxelles.\u200b 2. Quelles donn\u00e9es collectons-nous&nbsp;? Nous collectons uniquement les donn\u00e9es que vous nous fournissez volontairement via&nbsp;:\u200b Le formulaire de contact (nom, pr\u00e9nom, adresse e-mail, t\u00e9l\u00e9phone, message)\u200b Le formulaire de candidature [&hellip;]<\/p>","protected":false},"author":1,"featured_media":0,"parent":0,"menu_order":5,"comment_status":"closed","ping_status":"closed","template":"","meta":{"_acf_changed":false,"footnotes":""},"class_list":["post-1925","page","type-page","status-publish","hentry"],"acf":[],"_links":{"self":[{"href":"https:\/\/resterchezsoi.be\/en\/wp-json\/wp\/v2\/pages\/1925","targetHints":{"allow":["GET"]}}],"collection":[{"href":"https:\/\/resterchezsoi.be\/en\/wp-json\/wp\/v2\/pages"}],"about":[{"href":"https:\/\/resterchezsoi.be\/en\/wp-json\/wp\/v2\/types\/page"}],"author":[{"embeddable":true,"href":"https:\/\/resterchezsoi.be\/en\/wp-json\/wp\/v2\/users\/1"}],"replies":[{"embeddable":true,"href":"https:\/\/resterchezsoi.be\/en\/wp-json\/wp\/v2\/comments?post=1925"}],"version-history":[{"count":15,"href":"https:\/\/resterchezsoi.be\/en\/wp-json\/wp\/v2\/pages\/1925\/revisions"}],"predecessor-version":[{"id":2385,"href":"https:\/\/resterchezsoi.be\/en\/wp-json\/wp\/v2\/pages\/1925\/revisions\/2385"}],"wp:attachment":[{"href":"https:\/\/resterchezsoi.be\/en\/wp-json\/wp\/v2\/media?parent=1925"}],"curies":[{"name":"wp","href":"https:\/\/api.w.org\/{rel}","templated":true}]}}