{"id":1925,"date":"2025-03-25T09:50:52","date_gmt":"2025-03-25T09:50:52","guid":{"rendered":"http:\/\/resterchezsoi.be\/politique-de-confidentialite\/"},"modified":"2025-04-17T20:35:35","modified_gmt":"2025-04-17T18:35:35","slug":"privacybeleid","status":"publish","type":"page","link":"https:\/\/resterchezsoi.be\/nl\/politique-de-confidentialite\/","title":{"rendered":"Privacybeleid"},"content":{"rendered":"<h3 data-start=\"217\" data-end=\"241\">1. Wie zijn wij?<\/h3>\n<p data-start=\"243\" data-end=\"324\">De website resterchezsoi.be wordt beheerd door de vzw Rester Chez Soi, geregistreerd onder het nummer BCE 0700.886.366, met maatschappelijke zetel in Brussel.<\/p>\n<h3 data-start=\"326\" data-end=\"366\">2. Welke gegevens verzamelen we?<\/h3>\n<p data-start=\"368\" data-end=\"449\">Wij verzamelen alleen gegevens die u vrijwillig aan ons verstrekt via .<\/p>\n<ul data-start=\"451\" data-end=\"619\">\n<li data-start=\"451\" data-end=\"534\">\n<p data-start=\"453\" data-end=\"534\">Contactformulier (naam, voornaam, e-mailadres, telefoonnummer, bericht)<\/p>\n<\/li>\n<li data-start=\"536\" data-end=\"619\">\n<p data-start=\"538\" data-end=\"619\">Sollicitatieformulier (achternaam, voornaam, contactgegevens, cv, begeleidende brief)<\/p>\n<\/li>\n<\/ul>\n<p data-start=\"621\" data-end=\"706\">Er worden geen andere gegevens automatisch verzameld (geen tracking cookies of gedragsanalyse).<\/p>\n<h3 data-start=\"708\" data-end=\"752\">3. Waarom gebruiken we uw gegevens?<\/h3>\n<p data-start=\"754\" data-end=\"839\">Uw gegevens worden alleen gebruikt voor .<\/p>\n<ul data-start=\"841\" data-end=\"1017\">\n<li data-start=\"841\" data-end=\"928\">\n<p data-start=\"843\" data-end=\"928\">Op je verzoek reageren via het contactformulier<\/p>\n<\/li>\n<li data-start=\"930\" data-end=\"1017\">\n<p data-start=\"932\" data-end=\"1017\">Verwerk je sollicitatie als je solliciteert<a href=\"https:\/\/www.iubenda.com\/fr\/help\/105832-modele-politique-de-confidentialite?utm_source=chatgpt.com\" target=\"_blank\" rel=\"noopener\">iubenda<\/a><\/p>\n<\/li>\n<\/ul>\n<p data-start=\"1019\" data-end=\"1104\">We verkopen of delen je informatie niet met derden.<\/p>\n<h3 data-start=\"1106\" data-end=\"1159\">4. Hoe lang bewaren we uw gegevens?<\/h3>\n<p data-start=\"1161\" data-end=\"1246\">Uw gegevens worden opgeslagen.<\/p>\n<ul data-start=\"1248\" data-end=\"1424\">\n<li data-start=\"1248\" data-end=\"1335\">\n<p data-start=\"1250\" data-end=\"1335\">Tot 6 maanden na de laatste omruiling als u contact met ons opneemt<\/p>\n<\/li>\n<li data-start=\"1337\" data-end=\"1424\">\n<p data-start=\"1339\" data-end=\"1424\">Tot 1 jaar na ontvangst als je een aanvraag indient<\/p>\n<\/li>\n<\/ul>\n<p data-start=\"1426\" data-end=\"1511\">Daarna worden ze veilig verwijderd.<\/p>\n<h3 data-start=\"1513\" data-end=\"1543\">5. Wat zijn je rechten?<\/h3>\n<p data-start=\"1545\" data-end=\"1580\">In overeenstemming met de RGPD kun je:<\/p>\n<ul data-start=\"1582\" data-end=\"1847\">\n<li data-start=\"1582\" data-end=\"1669\">\n<p data-start=\"1584\" data-end=\"1669\">Toegang tot uw gegevens<\/p>\n<\/li>\n<li data-start=\"1671\" data-end=\"1758\">\n<p data-start=\"1673\" data-end=\"1758\">Correctie of verwijdering aanvragen<\/p>\n<\/li>\n<li data-start=\"1760\" data-end=\"1847\">\n<p data-start=\"1762\" data-end=\"1847\">Uw toestemming op elk moment intrekken<\/p>\n<\/li>\n<\/ul>\n<p data-start=\"1849\" data-end=\"1934\">Om deze rechten uit te oefenen, kunt u contact met ons opnemen via <a href=\"mailto:resterchezsoi.be@gmail.com\" data-start=\"42\" data-end=\"68\">resterchezsoi.be@gmail.com<\/a>.<\/p>\n<h3 data-start=\"1936\" data-end=\"1951\">6. Beveiliging<\/h3>\n<p data-start=\"1953\" data-end=\"2038\">Je gegevens worden veilig opgeslagen en zijn alleen toegankelijk voor bevoegde leden van ons team.<\/p>","protected":false},"excerpt":{"rendered":"<p>1. Qui sommes-nous&nbsp;? Le site resterchezsoi.be est g\u00e9r\u00e9 par l\u2019asbl Rester Chez Soi, enregistr\u00e9e sous le num\u00e9ro BCE 0700.886.366, dont le si\u00e8ge est situ\u00e9 \u00e0 Bruxelles.\u200b 2. Quelles donn\u00e9es collectons-nous&nbsp;? Nous collectons uniquement les donn\u00e9es que vous nous fournissez volontairement via&nbsp;:\u200b Le formulaire de contact (nom, pr\u00e9nom, adresse e-mail, t\u00e9l\u00e9phone, message)\u200b Le formulaire de candidature [&hellip;]<\/p>","protected":false},"author":1,"featured_media":0,"parent":0,"menu_order":5,"comment_status":"closed","ping_status":"closed","template":"","meta":{"_acf_changed":false,"footnotes":""},"class_list":["post-1925","page","type-page","status-publish","hentry"],"acf":[],"_links":{"self":[{"href":"https:\/\/resterchezsoi.be\/nl\/wp-json\/wp\/v2\/pages\/1925","targetHints":{"allow":["GET"]}}],"collection":[{"href":"https:\/\/resterchezsoi.be\/nl\/wp-json\/wp\/v2\/pages"}],"about":[{"href":"https:\/\/resterchezsoi.be\/nl\/wp-json\/wp\/v2\/types\/page"}],"author":[{"embeddable":true,"href":"https:\/\/resterchezsoi.be\/nl\/wp-json\/wp\/v2\/users\/1"}],"replies":[{"embeddable":true,"href":"https:\/\/resterchezsoi.be\/nl\/wp-json\/wp\/v2\/comments?post=1925"}],"version-history":[{"count":15,"href":"https:\/\/resterchezsoi.be\/nl\/wp-json\/wp\/v2\/pages\/1925\/revisions"}],"predecessor-version":[{"id":2385,"href":"https:\/\/resterchezsoi.be\/nl\/wp-json\/wp\/v2\/pages\/1925\/revisions\/2385"}],"wp:attachment":[{"href":"https:\/\/resterchezsoi.be\/nl\/wp-json\/wp\/v2\/media?parent=1925"}],"curies":[{"name":"wp","href":"https:\/\/api.w.org\/{rel}","templated":true}]}}