{"id":1927,"date":"2025-03-25T09:50:53","date_gmt":"2025-03-25T09:50:53","guid":{"rendered":"http:\/\/resterchezsoi.be\/conditions-dutilisation\/"},"modified":"2025-03-25T09:55:50","modified_gmt":"2025-03-25T09:55:50","slug":"gebruiksvoorwaarden","status":"publish","type":"page","link":"https:\/\/resterchezsoi.be\/nl\/conditions-dutilisation\/","title":{"rendered":"Gebruiksvoorwaarden"},"content":{"rendered":"\t\t<div data-elementor-type=\"wp-page\" data-elementor-id=\"1927\" class=\"elementor elementor-1927\" data-elementor-post-type=\"page\">\n\t\t\t\t<div class=\"elementor-element elementor-element-234b72a e-flex e-con-boxed e-con e-parent\" data-id=\"234b72a\" data-element_type=\"container\" data-e-type=\"container\">\n\t\t\t\t\t<div class=\"e-con-inner\">\n\t\t<div class=\"elementor-element elementor-element-fac4c00 e-con-full e-flex e-con e-child\" data-id=\"fac4c00\" data-element_type=\"container\" data-e-type=\"container\">\n\t\t\t\t<div class=\"elementor-element elementor-element-fa57f24 elementor-widget elementor-widget-heading\" data-id=\"fa57f24\" data-element_type=\"widget\" data-e-type=\"widget\" data-widget_type=\"heading.default\">\n\t\t\t\t<div class=\"elementor-widget-container\">\n\t\t\t\t\t<h2 class=\"elementor-heading-title elementor-size-default\">Conditions d'Utilisation<\/h2>\t\t\t\t<\/div>\n\t\t\t\t<\/div>\n\t\t\t\t<div class=\"elementor-element elementor-element-61f0e4c elementor-widget elementor-widget-text-editor\" data-id=\"61f0e4c\" data-element_type=\"widget\" data-e-type=\"widget\" data-widget_type=\"text-editor.default\">\n\t\t\t\t<div class=\"elementor-widget-container\">\n\t\t\t\t\t\t\t\t\t<p data-pm-slice=\"1 1 []\">Derni\u00e8re mise \u00e0 jour&nbsp;: [Date]<\/p>\t\t\t\t\t\t\t\t<\/div>\n\t\t\t\t<\/div>\n\t\t\t\t<\/div>\n\t\t<div class=\"elementor-element elementor-element-d7b96e9 e-con-full e-flex e-con e-child\" data-id=\"d7b96e9\" data-element_type=\"container\" data-e-type=\"container\">\n\t\t\t\t<div class=\"elementor-element elementor-element-13110d4 elementor-widget elementor-widget-text-editor\" data-id=\"13110d4\" data-element_type=\"widget\" data-e-type=\"widget\" data-widget_type=\"text-editor.default\">\n\t\t\t\t<div class=\"elementor-widget-container\">\n\t\t\t\t\t\t\t\t\t<p>Bienvenue sur le site \u00ab\u00a0Rester Chez Soi\u00a0\u00bb. La protection de vos donn\u00e9es personnelles est une priorit\u00e9 pour nous. Cette politique de confidentialit\u00e9 explique quelles informations nous collectons, comment nous les utilisons et quels sont vos droits.<\/p><p><strong>1. Donn\u00e9es collect\u00e9es<\/strong><br \/>Nous pouvons collecter les types de donn\u00e9es suivants&nbsp;:<\/p><ul data-spread=\"false\"><li><p>Informations d&rsquo;identification (nom, pr\u00e9nom, adresse e-mail, t\u00e9l\u00e9phone)<\/p><\/li><li><p>Donn\u00e9es de navigation (adresse IP, type de navigateur, pages consult\u00e9es)<\/p><\/li><li><p>Informations fournies via notre formulaire de contact<\/p><\/li><\/ul><p><strong>2. Utilisation des donn\u00e9es<\/strong><br \/>Nous utilisons vos donn\u00e9es pour&nbsp;:<\/p><ul data-spread=\"false\"><li><p>Fournir nos services d&rsquo;accompagnement<\/p><\/li><li><p>Communiquer avec vous<\/p><\/li><li><p>Am\u00e9liorer notre site internet<\/p><\/li><li><p>Respecter nos obligations l\u00e9gales<\/p><\/li><\/ul><p><strong>3. Partage des donn\u00e9es<\/strong><br \/>Nous ne partageons pas vos donn\u00e9es personnelles avec des tiers, sauf dans les cas suivants&nbsp;:<\/p><ul data-spread=\"false\"><li><p>Obligations l\u00e9gales<\/p><\/li><li><p>Partenaires techniques pour l&rsquo;h\u00e9bergement du site<\/p><\/li><\/ul><p><strong>4. S\u00e9curit\u00e9 des donn\u00e9es<\/strong><br \/>Nous mettons en place des mesures de s\u00e9curit\u00e9 pour prot\u00e9ger vos informations contre l&rsquo;acc\u00e8s non autoris\u00e9.<\/p><p><strong>5. Vos droits<\/strong><br \/>Conform\u00e9ment au RGPD, vous avez le droit d&rsquo;acc\u00e9der, de rectifier, de supprimer ou de limiter l&rsquo;utilisation de vos donn\u00e9es. Pour exercer ces droits, contactez-nous \u00e0 [Adresse e-mail].<\/p>\t\t\t\t\t\t\t\t<\/div>\n\t\t\t\t<\/div>\n\t\t\t\t<\/div>\n\t\t\t\t\t<\/div>\n\t\t\t\t<\/div>\n\t\t\t\t<\/div>","protected":false},"excerpt":{"rendered":"<p>Conditions d&rsquo;Utilisation Derni\u00e8re mise \u00e0 jour&nbsp;: [Date] Bienvenue sur le site \u00ab\u00a0Rester Chez Soi\u00a0\u00bb. La protection de vos donn\u00e9es personnelles est une priorit\u00e9 pour nous. Cette politique de confidentialit\u00e9 explique quelles informations nous collectons, comment nous les utilisons et quels sont vos droits. 1. Donn\u00e9es collect\u00e9esNous pouvons collecter les types de donn\u00e9es suivants&nbsp;: Informations d&rsquo;identification [&hellip;]<\/p>","protected":false},"author":1,"featured_media":0,"parent":0,"menu_order":6,"comment_status":"closed","ping_status":"closed","template":"elementor_header_footer","meta":{"_acf_changed":false,"footnotes":""},"class_list":["post-1927","page","type-page","status-publish","hentry"],"acf":[],"_links":{"self":[{"href":"https:\/\/resterchezsoi.be\/nl\/wp-json\/wp\/v2\/pages\/1927","targetHints":{"allow":["GET"]}}],"collection":[{"href":"https:\/\/resterchezsoi.be\/nl\/wp-json\/wp\/v2\/pages"}],"about":[{"href":"https:\/\/resterchezsoi.be\/nl\/wp-json\/wp\/v2\/types\/page"}],"author":[{"embeddable":true,"href":"https:\/\/resterchezsoi.be\/nl\/wp-json\/wp\/v2\/users\/1"}],"replies":[{"embeddable":true,"href":"https:\/\/resterchezsoi.be\/nl\/wp-json\/wp\/v2\/comments?post=1927"}],"version-history":[{"count":4,"href":"https:\/\/resterchezsoi.be\/nl\/wp-json\/wp\/v2\/pages\/1927\/revisions"}],"predecessor-version":[{"id":1939,"href":"https:\/\/resterchezsoi.be\/nl\/wp-json\/wp\/v2\/pages\/1927\/revisions\/1939"}],"wp:attachment":[{"href":"https:\/\/resterchezsoi.be\/nl\/wp-json\/wp\/v2\/media?parent=1927"}],"curies":[{"name":"wp","href":"https:\/\/api.w.org\/{rel}","templated":true}]}}